{"id":296,"date":"2010-06-18T20:51:35","date_gmt":"2010-06-18T20:51:35","guid":{"rendered":"http:\/\/www.newbeetlepr.com\/blog\/?page_id=2"},"modified":"2019-07-19T07:56:58","modified_gmt":"2019-07-19T11:56:58","slug":"about","status":"publish","type":"page","link":"http:\/\/newbeetlepr.com\/blog\/about\/","title":{"rendered":"About Us"},"content":{"rendered":"<p>Bienvenido al Blog de NewBeetlePR. Esto es un blog en la cual les presentamos las historias y proyectos de nuestros miembros incluyendo noticias, actividades, reuniones y reportajes exclusivos de NewBeetlePR.com. En la secci\u00f3n de &#8220;Rides&#8221; les presentaremos historias de los New Beetle de los miembros del club asi como anecdotas y comentarios del mismo due\u00f1o y que tambi\u00e9n se incluye una galeria de fotos y de estar disponible se presentar\u00e1n videos del mismo. Tambi\u00e9n incluiremos noticias del club, reportajes de nuestras escoltas, actividades, exhibiciones, reuniones y alg\u00fan otro art\u00edculo relacionado directamente con el club. En el blog podr\u00e1s agrandar las fotos a tu gusto, compartir el art\u00edculo en Facebook y Twitter y si te gusta darle &#8220;Like&#8221; a trav\u00e9s de Facebook. Adem\u00e1s podr\u00e1s comentar los reportajes registrando tu nombre y email antes de publicar el comentario.<\/p>\n<p style=\"text-align: left;\"><img decoding=\"async\" loading=\"lazy\" class=\"aligncenter\" title=\"NewBeetlePR logo\" src=\"http:\/\/i725.photobucket.com\/albums\/ww253\/newbeetlepr\/newbeetleprlogotransparent.png\" alt=\"\" width=\"400\" height=\"320\" \/><br \/>\nSe cre\u00f3 en el 2005 con el fin de conocer otros due\u00f1os y fan\u00e1ticos del New Beetle en Puerto Rico, ayudarnos a mejorarlos, a la b\u00fasqueda piezas y accesorios, a solucionar nuestros problemas y compartir nuestras ideas.<\/p>\n<p>Due\u00f1os: Alexis Rivera y Jos\u00e9 Rivera.<\/p>\n<p><a href=\"http:\/\/newbeetlepr.com\/blog\/wp-content\/uploads\/2019\/06\/DSC02452.jpg\" rel=\"lightbox-296\"><img decoding=\"async\" loading=\"lazy\" class=\"alignleft wp-image-6441 size-medium\" src=\"http:\/\/newbeetlepr.com\/blog\/wp-content\/uploads\/2019\/06\/DSC02452-300x169.jpg\" alt=\"\" width=\"300\" height=\"169\" srcset=\"http:\/\/newbeetlepr.com\/blog\/wp-content\/uploads\/2019\/06\/DSC02452-300x169.jpg 300w, http:\/\/newbeetlepr.com\/blog\/wp-content\/uploads\/2019\/06\/DSC02452-768x433.jpg 768w, http:\/\/newbeetlepr.com\/blog\/wp-content\/uploads\/2019\/06\/DSC02452-1024x577.jpg 1024w, http:\/\/newbeetlepr.com\/blog\/wp-content\/uploads\/2019\/06\/DSC02452-50x28.jpg 50w, http:\/\/newbeetlepr.com\/blog\/wp-content\/uploads\/2019\/06\/DSC02452-550x310.jpg 550w, http:\/\/newbeetlepr.com\/blog\/wp-content\/uploads\/2019\/06\/DSC02452.jpg 1280w\" sizes=\"(max-width: 300px) 100vw, 300px\" \/><\/a>Somos un club a nivel de todo Puerto Rico dividi\u00e9ndonos por regiones las cuales por el momento est\u00e1n formadas por el \u00c1rea Sur y el \u00c1rea Oeste. Nos reunimos los s\u00e1bados desde las 7pm una vez al mes en cada regi\u00f3n. En el \u00c1rea Sur nos reunimos en el estacionamiento frente a Walmart de la avenida Baramaya en Ponce con el presidente Carlos Mart\u00ednez Rivera. En el \u00c1rea Oeste las reuniones son en el estacionamiento de la marginal de Plaza Sultana en la carretera #2 en Mayag\u00fcez a pasos del Mayag\u00fcez Mall con el presidente Antonio Echevarr\u00eda.<\/p>\n<div class=\"_2cuy _3dgx _2vxa\" style=\"text-align: left;\"><a href=\"http:\/\/newbeetlepr.com\/blog\/wp-content\/uploads\/2019\/06\/2019-06-01EscoltaPonceCarlos007.jpg\" rel=\"lightbox-296\"><img decoding=\"async\" loading=\"lazy\" class=\"alignright wp-image-4145 size-medium\" src=\"http:\/\/newbeetlepr.com\/blog\/wp-content\/uploads\/2019\/06\/2019-06-01EscoltaPonceCarlos007-169x300.jpg\" alt=\"\" width=\"169\" height=\"300\" srcset=\"http:\/\/newbeetlepr.com\/blog\/wp-content\/uploads\/2019\/06\/2019-06-01EscoltaPonceCarlos007-169x300.jpg 169w, http:\/\/newbeetlepr.com\/blog\/wp-content\/uploads\/2019\/06\/2019-06-01EscoltaPonceCarlos007-768x1365.jpg 768w, http:\/\/newbeetlepr.com\/blog\/wp-content\/uploads\/2019\/06\/2019-06-01EscoltaPonceCarlos007-576x1024.jpg 576w, http:\/\/newbeetlepr.com\/blog\/wp-content\/uploads\/2019\/06\/2019-06-01EscoltaPonceCarlos007-28x50.jpg 28w, http:\/\/newbeetlepr.com\/blog\/wp-content\/uploads\/2019\/06\/2019-06-01EscoltaPonceCarlos007-236x420.jpg 236w, http:\/\/newbeetlepr.com\/blog\/wp-content\/uploads\/2019\/06\/2019-06-01EscoltaPonceCarlos007.jpg 900w\" sizes=\"(max-width: 169px) 100vw, 169px\" \/><\/a>Este club es solamente para los Beetle modernos, para New Beetle desde 1998 al 2010 y Beetle 2012 al 2019. Aceptamos todo tipo de New Beetle no importa en las condiciones que este: de f\u00e1brica, chocado, maltratado, modificado, de autoshow, ect.<\/div>\n<div><\/div>\n<div class=\"_2cuy _3dgx _2vxa\">Para ser parte de nuestro club s\u00f3lo tienes que registrarte en nuestra p\u00e1gina <a href=\"https:\/\/l.facebook.com\/l.php?u=http%3A%2F%2Fwww.newbeetlepr.com%2F%3Ffbclid%3DIwAR3ksggg-WwpB1qO9qPy-IjWSPOWvGzG2VOg00KYskTQmjcootBnXJuojWc&amp;h=AT13AG4L_jGaxY1JFuXo-JEgIYSDEtXAg6Vbz0DDzt7H6hodWlZqBxt7wYSTrvZZfJoNpl62VeIiAmNcWH4b8hy_AB0ukD-cnGtKjUGZKefXCAVRaSmW5S3zE3a56psZF1gs\" target=\"_blank\" rel=\"noopener nofollow noreferrer\" data-lynx-mode=\"asynclazy\">www.newbeetlepr.com<\/a> (es gr\u00e1tis). No se requiere una cuota ($0) para entrar oficialmente a nuestro club, con tan s\u00f3lo seguirnos en nuestras actividades, reuniones, escoltas y autoshows ya perteneces al club.<\/div>\n","protected":false},"excerpt":{"rendered":"<p>Bienvenido al Blog de NewBeetlePR. Esto es un blog en la cual les presentamos las historias y proyectos de nuestros miembros incluyendo noticias, actividades, reuniones y reportajes exclusivos de NewBeetlePR.com. En la secci\u00f3n de &#8220;Rides&#8221; les presentaremos historias de los&hellip; <\/p>\n","protected":false},"author":1,"featured_media":0,"parent":0,"menu_order":0,"comment_status":"open","ping_status":"open","template":"","meta":{"spay_email":""},"jetpack_sharing_enabled":true,"jetpack_shortlink":"https:\/\/wp.me\/P8T4Ge-4M","_links":{"self":[{"href":"http:\/\/newbeetlepr.com\/blog\/wp-json\/wp\/v2\/pages\/296"}],"collection":[{"href":"http:\/\/newbeetlepr.com\/blog\/wp-json\/wp\/v2\/pages"}],"about":[{"href":"http:\/\/newbeetlepr.com\/blog\/wp-json\/wp\/v2\/types\/page"}],"author":[{"embeddable":true,"href":"http:\/\/newbeetlepr.com\/blog\/wp-json\/wp\/v2\/users\/1"}],"replies":[{"embeddable":true,"href":"http:\/\/newbeetlepr.com\/blog\/wp-json\/wp\/v2\/comments?post=296"}],"version-history":[{"count":7,"href":"http:\/\/newbeetlepr.com\/blog\/wp-json\/wp\/v2\/pages\/296\/revisions"}],"predecessor-version":[{"id":10871,"href":"http:\/\/newbeetlepr.com\/blog\/wp-json\/wp\/v2\/pages\/296\/revisions\/10871"}],"wp:attachment":[{"href":"http:\/\/newbeetlepr.com\/blog\/wp-json\/wp\/v2\/media?parent=296"}],"curies":[{"name":"wp","href":"https:\/\/api.w.org\/{rel}","templated":true}]}}